{"id":1343,"date":"2022-11-10T17:33:36","date_gmt":"2022-11-10T17:33:36","guid":{"rendered":"https:\/\/opv.cloudnine.com.do\/ayudanos-a-ayudar\/"},"modified":"2025-02-19T19:31:31","modified_gmt":"2025-02-19T19:31:31","slug":"ayudanos-a-ayudar","status":"publish","type":"page","link":"https:\/\/www.oirparavivir.com\/es\/ayudanos-a-ayudar\/","title":{"rendered":"Ay\u00fadanos a Ayudar"},"content":{"rendered":"<p>[et_pb_section fb_built=\u00bb1&#8243; next_background_color=\u00bb#ffffff\u00bb admin_label=\u00bbHeader\u00bb _builder_version=\u00bb4.19.0&#8243; _module_preset=\u00bbdefault\u00bb background_image=\u00bbhttps:\/\/www.oirparavivir.com\/wp-content\/uploads\/2022\/11\/photo-stock-oir-para-vivir-8-banner-help-us-to-help-reverse.jpg\u00bb custom_padding=\u00bb7vw||7vw||true|false\u00bb bottom_divider_style=\u00bbmountains\u00bb bottom_divider_height=\u00bb5vw\u00bb bottom_divider_flip=\u00bbhorizontal\u00bb locked=\u00bboff\u00bb global_colors_info=\u00bb{}\u00bb][et_pb_row _builder_version=\u00bb4.19.0&#8243; _module_preset=\u00bbdefault\u00bb global_colors_info=\u00bb{}\u00bb][et_pb_column type=\u00bb4_4&#8243; _builder_version=\u00bb4.19.0&#8243; _module_preset=\u00bbdefault\u00bb global_colors_info=\u00bb{}\u00bb][et_pb_text _builder_version=\u00bb4.19.0&#8243; _dynamic_attributes=\u00bbcontent\u00bb _module_preset=\u00bbd5dbb5d4-7ec7-4306-b6c5-1435f277faf4&#8243; header_font=\u00bbCandal||||||||\u00bb header_text_align=\u00bbright\u00bb header_text_color=\u00bb#FFFFFF\u00bb header_font_size=\u00bb60px\u00bb header_line_height=\u00bb1.2em\u00bb background_layout=\u00bbdark\u00bb custom_margin=\u00bb||16px||false|false\u00bb header_font_size_tablet=\u00bb36px\u00bb header_font_size_phone=\u00bb24px\u00bb header_font_size_last_edited=\u00bbon|phone\u00bb header_text_shadow_style=\u00bbpreset1&#8243; global_colors_info=\u00bb{}\u00bb]@ET-DC@eyJkeW5hbWljIjp0cnVlLCJjb250ZW50IjoicG9zdF90aXRsZSIsInNldHRpbmdzIjp7ImJlZm9yZSI6IjxoMT4iLCJhZnRlciI6IjwvaDE+IiwiZW5hYmxlX2h0bWwiOiJvZmYifX0=@[\/et_pb_text][\/et_pb_column][\/et_pb_row][\/et_pb_section][et_pb_section fb_built=\u00bb1&#8243; admin_label=\u00bbContent\u00bb _builder_version=\u00bb4.19.0&#8243; _module_preset=\u00bbdefault\u00bb custom_margin=\u00bb-5px||||false|false\u00bb custom_padding=\u00bb0px|||||\u00bb global_colors_info=\u00bb{}\u00bb][et_pb_row _builder_version=\u00bb4.19.0&#8243; _module_preset=\u00bbdefault\u00bb custom_padding=\u00bb0px||32px|||\u00bb global_colors_info=\u00bb{}\u00bb][et_pb_column type=\u00bb4_4&#8243; _builder_version=\u00bb4.19.0&#8243; _module_preset=\u00bbdefault\u00bb global_colors_info=\u00bb{}\u00bb][et_pb_icon font_icon=\u00bb&#x3f;||divi||400&#8243; icon_width=\u00bb50px\u00bb _builder_version=\u00bb4.19.0&#8243; _module_preset=\u00bbdefault\u00bb global_colors_info=\u00bb{}\u00bb][\/et_pb_icon][\/et_pb_column][\/et_pb_row][et_pb_row column_structure=\u00bb1_2,1_2&#8243; _builder_version=\u00bb4.19.0&#8243; _module_preset=\u00bbdefault\u00bb global_colors_info=\u00bb{}\u00bb][et_pb_column type=\u00bb1_2&#8243; _builder_version=\u00bb4.16&#8243; _module_preset=\u00bbdefault\u00bb global_colors_info=\u00bb{}\u00bb][et_pb_text ul_position=\u00bbinside\u00bb ul_item_indent=\u00bb30px\u00bb quote_border_weight=\u00bb10px\u00bb quote_border_color=\u00bb#e55c25&#8243; ul_item_indent_tablet=\u00bb\u00bb ul_item_indent_phone=\u00bb0px\u00bb ul_item_indent_last_edited=\u00bbon|phone\u00bb _builder_version=\u00bb4.19.0&#8243; _module_preset=\u00bb85ec5774-0b51-4075-9641-4e0e2e6ea9dd\u00bb text_font=\u00bbMontserrat|500|||||||\u00bb text_text_color=\u00bbrgba(0,0,0,0.6)\u00bb text_line_height=\u00bb1.8em\u00bb ul_line_height=\u00bb2em\u00bb quote_font=\u00bbMontserrat||on||||||\u00bb quote_font_size=\u00bb20px\u00bb quote_line_height=\u00bb2em\u00bb text_orientation=\u00bbjustified\u00bb text_font_size_tablet=\u00bb15px\u00bb text_font_size_phone=\u00bb14px\u00bb text_font_size_last_edited=\u00bbon|desktop\u00bb quote_font_size_tablet=\u00bb18px\u00bb quote_font_size_phone=\u00bb14px\u00bb quote_font_size_last_edited=\u00bbon|desktop\u00bb global_colors_info=\u00bb{%22gcid-1a1ef5e7-0e56-426b-aff4-02aa800905cc%22:%91%93}\u00bb]<\/p>\n<p>Si deseas acompa\u00f1arnos a seguir transformando la vida de cientos de personas con discapacidad auditiva en Rep\u00fablica Dominicana, puedes aportar tu granito de arena donando a trav\u00e9s de la plataforma de Paypal. \u00a1La comunidad sorda dominicana te agradecer\u00e1!<\/p>\n<p>[\/et_pb_text][\/et_pb_column][et_pb_column type=\u00bb1_2&#8243; _builder_version=\u00bb4.16&#8243; _module_preset=\u00bbdefault\u00bb global_colors_info=\u00bb{}\u00bb][et_pb_code _builder_version=\u00bb4.19.1&#8243; _module_preset=\u00bbdefault\u00bb global_colors_info=\u00bb{}\u00bb]<style>\r\n        .wpedon-container .wpedon-select,\r\n        .wpedon-container .wpedon-input {\r\n            width: 144px;\r\n            min-width: 144px;\r\n            max-width: 144px;\r\n        }\r\n    <\/style><div class='wpedon-container wpedon-align-left'><form target='_blank' action='https:\/\/www.paypal.com\/cgi-bin\/webscr' method='post' class='wpedon-form'><input type='hidden' name='cmd' value='_donations' \/><input type='hidden' name='business' value='PEPT4H226SXAC' \/><input type='hidden' name='currency_code' value='USD' \/><input type='hidden' name='notify_url' value='https:\/\/www.oirparavivir.com\/wp-admin\/admin-post.php?action=add_wpedon_button_ipn'><input type='hidden' name='lc' value='en_US'><input type='hidden' name='bn' value='WPPlugin_SP'><input type='hidden' name='return' value='' \/><input type='hidden' name='cancel_return' value='' \/><input class='wpedon_paypalbuttonimage' type='image' src='https:\/\/www.paypalobjects.com\/webstatic\/en_US\/btn\/btn_donate_cc_147x47.png' border='0' name='submit' alt='Make your payments with PayPal. It is free, secure, effective.' style='border: none;'><img alt='' border='0' style='border:none;display:none;' src='https:\/\/www.paypal.com\/en_US\/i\/scr\/pixel.gif' width='1' height='1'><input type='hidden' name='amount' id='amount_cc30ddd98dfe78455a1a9d9e3852f284' value='' \/><input type='hidden' name='price' id='price_cc30ddd98dfe78455a1a9d9e3852f284' value='' \/><input type='hidden' name='item_number' value='' \/><input type='hidden' name='item_name' value='' \/><input type='hidden' name='name' value='' \/><input type='hidden' name='custom' value='822'><input type='hidden' name='no_shipping' value='1'><input type='hidden' name='no_note' value='1'><input type='hidden' name='currency_code' value='USD'><\/form><\/div>[\/et_pb_code][et_pb_text ul_position=\u00bbinside\u00bb ul_item_indent=\u00bb30px\u00bb quote_border_weight=\u00bb10px\u00bb quote_border_color=\u00bb#e55c25&#8243; ul_item_indent_tablet=\u00bb\u00bb ul_item_indent_phone=\u00bb0px\u00bb ul_item_indent_last_edited=\u00bbon|phone\u00bb _builder_version=\u00bb4.19.0&#8243; _module_preset=\u00bb85ec5774-0b51-4075-9641-4e0e2e6ea9dd\u00bb text_font=\u00bbMontserrat|500|||||||\u00bb text_text_color=\u00bbrgba(0,0,0,0.6)\u00bb text_line_height=\u00bb1.8em\u00bb ul_line_height=\u00bb2em\u00bb quote_font=\u00bbMontserrat||on||||||\u00bb quote_font_size=\u00bb20px\u00bb quote_line_height=\u00bb2em\u00bb text_font_size_tablet=\u00bb15px\u00bb text_font_size_phone=\u00bb14px\u00bb text_font_size_last_edited=\u00bbon|desktop\u00bb quote_font_size_tablet=\u00bb18px\u00bb quote_font_size_phone=\u00bb14px\u00bb quote_font_size_last_edited=\u00bbon|desktop\u00bb global_colors_info=\u00bb{%22gcid-1a1ef5e7-0e56-426b-aff4-02aa800905cc%22:%91%93}\u00bb]<\/p>\n<p><strong>O en nuestra cuenta bancaria <\/strong><br \/><strong>Cuenta corriente 789896727 del banco Popular Dominicano a nombre de Asociaci\u00f3n O\u00edr Para vivir<\/strong><\/p>\n<p>[\/et_pb_text][\/et_pb_column][\/et_pb_row][et_pb_row _builder_version=\u00bb4.19.0&#8243; _module_preset=\u00bbdefault\u00bb global_colors_info=\u00bb{}\u00bb][et_pb_column type=\u00bb4_4&#8243; _builder_version=\u00bb4.16&#8243; _module_preset=\u00bbdefault\u00bb global_colors_info=\u00bb{}\u00bb][et_pb_text _builder_version=\u00bb4.19.0&#8243; _module_preset=\u00bba14a3070-0f27-4166-b303-92f53a7af324&#8243; header_2_font=\u00bbCandal||||||||\u00bb header_2_text_align=\u00bbcenter\u00bb header_2_text_color=\u00bb#000000&#8243; header_2_font_size=\u00bb42px\u00bb header_2_line_height=\u00bb1.2em\u00bb header_2_font_size_tablet=\u00bb30px\u00bb header_2_font_size_phone=\u00bb20px\u00bb header_2_font_size_last_edited=\u00bbon|tablet\u00bb global_colors_info=\u00bb{}\u00bb]<\/p>\n<h2>Producto Solidario, Compa\u00f1\u00eda Solidaria<\/h2>\n<p>[\/et_pb_text][et_pb_image src=\u00bbhttps:\/\/www.oirparavivir.com\/wp-content\/uploads\/2022\/11\/online-classroom-02-1.png\u00bb title_text=\u00bbonline-classroom-02 (1)\u00bb align=\u00bbcenter\u00bb _builder_version=\u00bb4.27.4&#8243; _module_preset=\u00bbdefault\u00bb hover_enabled=\u00bb0&#8243; global_colors_info=\u00bb{}\u00bb sticky_enabled=\u00bb0&#8243;][\/et_pb_image][et_pb_text ul_position=\u00bbinside\u00bb ul_item_indent=\u00bb30px\u00bb quote_border_weight=\u00bb10px\u00bb quote_border_color=\u00bb#e55c25&#8243; ul_item_indent_tablet=\u00bb\u00bb ul_item_indent_phone=\u00bb0px\u00bb ul_item_indent_last_edited=\u00bbon|phone\u00bb _builder_version=\u00bb4.19.1&#8243; _module_preset=\u00bb85ec5774-0b51-4075-9641-4e0e2e6ea9dd\u00bb text_font=\u00bbMontserrat|500|||||||\u00bb text_text_color=\u00bbrgba(0,0,0,0.6)\u00bb text_line_height=\u00bb1.8em\u00bb ul_line_height=\u00bb2em\u00bb quote_font=\u00bbMontserrat||on||||||\u00bb quote_font_size=\u00bb20px\u00bb quote_line_height=\u00bb2em\u00bb text_font_size_tablet=\u00bb15px\u00bb text_font_size_phone=\u00bb14px\u00bb text_font_size_last_edited=\u00bbon|desktop\u00bb quote_font_size_tablet=\u00bb18px\u00bb quote_font_size_phone=\u00bb14px\u00bb quote_font_size_last_edited=\u00bbon|desktop\u00bb global_colors_info=\u00bb{%22gcid-1a1ef5e7-0e56-426b-aff4-02aa800905cc%22:%91%93}\u00bb]<\/p>\n<p style=\"text-align: center;\">\u00bfSab\u00edas que como empresa puedes ayudarnos formando parte de nuestro Producto Solidario? Pues s\u00ed, esta iniciativa tiene como prop\u00f3sito darle visibilidad a la Fundaci\u00f3n O\u00edr Para Vivir en las instalaciones de cada comercio que se sume a la causa. Puedes ayudar de dos maneras: motivando a tus clientes a donar la cantidad que deseen o donando una suma fija de dinero a la fundaci\u00f3n por el producto que elijas. \u00a1S\u00famate!<\/p>\n<p>[\/et_pb_text][\/et_pb_column][\/et_pb_row][\/et_pb_section][et_pb_section fb_built=\u00bb1&#8243; admin_label=\u00bbSub-footer\u00bb _builder_version=\u00bb4.19.0&#8243; _module_preset=\u00bbdefault\u00bb custom_padding=\u00bb0px||0px||true|false\u00bb saved_tabs=\u00bball\u00bb locked=\u00bboff\u00bb global_colors_info=\u00bb{}\u00bb][et_pb_row column_structure=\u00bb2_5,3_5&#8243; use_custom_gutter=\u00bbon\u00bb gutter_width=\u00bb1&#8243; make_equal=\u00bbon\u00bb _builder_version=\u00bb4.19.0&#8243; _module_preset=\u00bbdefault\u00bb width=\u00bb100%\u00bb max_width=\u00bbnone\u00bb custom_padding=\u00bb0px||0px||true|false\u00bb global_colors_info=\u00bb{}\u00bb][et_pb_column type=\u00bb2_5&#8243; _builder_version=\u00bb4.19.0&#8243; _module_preset=\u00bbdefault\u00bb background_color=\u00bb#f9f9f9&#8243; background_enable_image=\u00bboff\u00bb background_position=\u00bbtop_center\u00bb custom_padding=\u00bb5vw|8vw|5vw|8vw|true|true\u00bb custom_padding_tablet=\u00bb8vw|30px||30px|false|true\u00bb custom_padding_phone=\u00bb|20px||20px|false|true\u00bb custom_padding_last_edited=\u00bbon|phone\u00bb global_colors_info=\u00bb{}\u00bb][et_pb_text _builder_version=\u00bb4.19.1&#8243; _module_preset=\u00bba14a3070-0f27-4166-b303-92f53a7af324&#8243; header_2_font=\u00bbCandal||||||||\u00bb header_2_text_color=\u00bb#000000&#8243; header_2_font_size=\u00bb42px\u00bb header_2_line_height=\u00bb1.2em\u00bb header_2_text_align_tablet=\u00bbcenter\u00bb header_2_text_align_phone=\u00bbcenter\u00bb header_2_text_align_last_edited=\u00bbon|tablet\u00bb header_2_font_size_tablet=\u00bb30px\u00bb header_2_font_size_phone=\u00bb20px\u00bb header_2_font_size_last_edited=\u00bbon|tablet\u00bb global_colors_info=\u00bb{}\u00bb]<\/p>\n<h2>C\u00f3mo Ayudar<\/h2>\n<p>[\/et_pb_text][et_pb_image src=\u00bbhttps:\/\/www.oirparavivir.com\/wp-content\/uploads\/2022\/11\/online-classroom-02-1.png\u00bb title_text=\u00bbonline-classroom-02 (1)\u00bb align_tablet=\u00bbcenter\u00bb align_phone=\u00bb\u00bb align_last_edited=\u00bbon|phone\u00bb _builder_version=\u00bb4.27.4&#8243; _module_preset=\u00bbdefault\u00bb hover_enabled=\u00bb0&#8243; global_colors_info=\u00bb{}\u00bb sticky_enabled=\u00bb0&#8243;][\/et_pb_image][et_pb_blurb use_icon=\u00bbon\u00bb font_icon=\u00bb&#xe090;||divi||400&#8243; icon_color=\u00bb#000000&#8243; icon_placement=\u00bbleft\u00bb image_icon_width=\u00bb16px\u00bb content_max_width=\u00bb100%\u00bb _builder_version=\u00bb4.19.0&#8243; _module_preset=\u00bbdefault\u00bb body_font=\u00bbMontserrat|500|||||||\u00bb body_text_color=\u00bb#000000&#8243; body_font_size=\u00bb16px\u00bb body_line_height=\u00bb1.2em\u00bb body_link_text_color=\u00bb#2a2a2a\u00bb max_width=\u00bb510px\u00bb custom_margin=\u00bb20px||||false|false\u00bb animation=\u00bboff\u00bb icon_font_size=\u00bb16px\u00bb global_colors_info=\u00bb{}\u00bb]<\/p>\n<p><strong>+1 (829) 750-3644<\/strong><\/p>\n<p>[\/et_pb_blurb][et_pb_blurb use_icon=\u00bbon\u00bb font_icon=\u00bb&#xe076;||divi||400&#8243; icon_color=\u00bb#000000&#8243; icon_placement=\u00bbleft\u00bb image_icon_width=\u00bb16px\u00bb content_max_width=\u00bb100%\u00bb _builder_version=\u00bb4.19.0&#8243; _module_preset=\u00bbdefault\u00bb body_font=\u00bbMontserrat|500|||||||\u00bb body_text_color=\u00bb#000000&#8243; body_font_size=\u00bb16px\u00bb body_line_height=\u00bb1.2em\u00bb body_link_text_color=\u00bb#2a2a2a\u00bb max_width=\u00bb510px\u00bb custom_margin=\u00bb20px||||false|false\u00bb animation=\u00bboff\u00bb icon_font_size=\u00bb16px\u00bb global_colors_info=\u00bb{}\u00bb]<\/p>\n<p><strong>info@oirparavivir.com<\/strong><\/p>\n<p>[\/et_pb_blurb][et_pb_button button_url=\u00bbhttps:\/\/opv.cloudnine.com.do\/es\/contactenos\/\u00bb button_text=\u00bbCont\u00e1ctenos\u00bb button_alignment_tablet=\u00bbcenter\u00bb button_alignment_phone=\u00bbcenter\u00bb button_alignment_last_edited=\u00bbon|tablet\u00bb _builder_version=\u00bb4.19.1&#8243; _module_preset=\u00bbdefault\u00bb custom_button=\u00bbon\u00bb button_text_size=\u00bb14px\u00bb button_text_color=\u00bb#FFFFFF\u00bb button_bg_color=\u00bb#e55c25&#8243; button_border_width=\u00bb10px\u00bb button_border_color=\u00bb#e55c25&#8243; button_border_radius=\u00bb0px\u00bb button_letter_spacing=\u00bb0.2em\u00bb button_font=\u00bbMontserrat|800||on|||||\u00bb custom_margin=\u00bb20px||||false|false\u00bb box_shadow_style=\u00bbpreset4&#8243; box_shadow_horizontal=\u00bb5px\u00bb box_shadow_vertical=\u00bb6px\u00bb box_shadow_color=\u00bb#000000&#8243; global_colors_info=\u00bb{}\u00bb][\/et_pb_button][\/et_pb_column][et_pb_column type=\u00bb3_5&#8243; _builder_version=\u00bb4.19.0&#8243; _module_preset=\u00bbdefault\u00bb background_color=\u00bb#000000&#8243; background_enable_image=\u00bboff\u00bb background_position=\u00bbtop_center\u00bb custom_padding=\u00bb5vw|7vw|5vw|7vw|true|true\u00bb custom_padding_tablet=\u00bb8vw|30px||30px|false|true\u00bb custom_padding_phone=\u00bb|20px||20px|false|true\u00bb custom_padding_last_edited=\u00bbon|phone\u00bb global_colors_info=\u00bb{}\u00bb][et_pb_text _builder_version=\u00bb4.19.1&#8243; _module_preset=\u00bba14a3070-0f27-4166-b303-92f53a7af324&#8243; text_text_color=\u00bb#FFFFFF\u00bb header_2_font=\u00bbCandal||||||||\u00bb header_2_text_color=\u00bb#FFFFFF\u00bb header_2_font_size=\u00bb42px\u00bb header_2_line_height=\u00bb1.2em\u00bb header_2_text_align_tablet=\u00bbcenter\u00bb header_2_text_align_phone=\u00bbcenter\u00bb header_2_text_align_last_edited=\u00bbon|tablet\u00bb header_2_font_size_tablet=\u00bb30px\u00bb header_2_font_size_phone=\u00bb20px\u00bb header_2_font_size_last_edited=\u00bbon|tablet\u00bb global_colors_info=\u00bb{}\u00bb]<\/p>\n<h2>Mant\u00e9ngase al Tanto de Nuestras Noticias<\/h2>\n<p>[\/et_pb_text][et_pb_signup mailchimp_list=\u00bbelegantthemestest|1ea2bbd026&#8243; layout=\u00bbtop_bottom\u00bb first_name_field=\u00bboff\u00bb last_name_field=\u00bboff\u00bb _builder_version=\u00bb4.19.1&#8243; _module_preset=\u00bbdefault\u00bb form_field_font=\u00bbMontserrat|500|||||||\u00bb form_field_font_size=\u00bb14px\u00bb use_background_color=\u00bboff\u00bb custom_button=\u00bbon\u00bb button_text_size=\u00bb14px\u00bb button_text_color=\u00bb#FFFFFF\u00bb button_bg_color=\u00bb#e55c25&#8243; button_border_width=\u00bb0px\u00bb button_border_radius=\u00bb0px\u00bb button_letter_spacing=\u00bb0.2em\u00bb button_font=\u00bbCandal|||on|||||\u00bb button_icon=\u00bb&#x45;||divi||400&#8243; button_custom_padding=\u00bb11px|40px|15px|40px|false|true\u00bb max_width=\u00bb576px\u00bb module_alignment=\u00bbleft\u00bb button_text_size_tablet=\u00bb16px\u00bb button_text_size_phone=\u00bb14px\u00bb button_text_size_last_edited=\u00bboff|desktop\u00bb module_alignment_tablet=\u00bbcenter\u00bb module_alignment_phone=\u00bbcenter\u00bb module_alignment_last_edited=\u00bbon|tablet\u00bb border_radii_fields=\u00bbon|0px|0px|0px|0px\u00bb global_colors_info=\u00bb{}\u00bb][\/et_pb_signup][\/et_pb_column][\/et_pb_row][\/et_pb_section]<\/p>\n","protected":false},"excerpt":{"rendered":"<p>Si deseas acompa\u00f1arnos a seguir transformando la vida de cientos de personas con discapacidad auditiva en Rep\u00fablica Dominicana, puedes aportar tu granito de arena donando a trav\u00e9s de la plataforma de Paypal. \u00a1La comunidad sorda dominicana te agradecer\u00e1!<style>\r\n        .wpedon-container .wpedon-select,\r\n        .wpedon-container .wpedon-input {\r\n            width: 144px;\r\n            min-width: 144px;\r\n            max-width: 144px;\r\n        }\r\n    <\/style><div class='wpedon-container wpedon-align-left'><form target='_blank' action='https:\/\/www.paypal.com\/cgi-bin\/webscr' method='post' class='wpedon-form'><input type='hidden' name='cmd' value='_donations' \/><input type='hidden' name='business' value='PEPT4H226SXAC' \/><input type='hidden' name='currency_code' value='USD' \/><input type='hidden' name='notify_url' value='https:\/\/www.oirparavivir.com\/wp-admin\/admin-post.php?action=add_wpedon_button_ipn'><input type='hidden' name='lc' value='en_US'><input type='hidden' name='bn' value='WPPlugin_SP'><input type='hidden' name='return' value='' \/><input type='hidden' name='cancel_return' value='' \/><input class='wpedon_paypalbuttonimage' type='image' src='https:\/\/www.paypalobjects.com\/webstatic\/en_US\/btn\/btn_donate_cc_147x47.png' border='0' name='submit' alt='Make your payments with PayPal. It is free, secure, effective.' style='border: none;'><img alt='' border='0' style='border:none;display:none;' src='https:\/\/www.paypal.com\/en_US\/i\/scr\/pixel.gif' width='1' height='1'><input type='hidden' name='amount' id='amount_1932d8c129791295735904b180d58aad' value='' \/><input type='hidden' name='price' id='price_1932d8c129791295735904b180d58aad' value='' \/><input type='hidden' name='item_number' value='' \/><input type='hidden' name='item_name' value='' \/><input type='hidden' name='name' value='' \/><input type='hidden' name='custom' value='822'><input type='hidden' name='no_shipping' value='1'><input type='hidden' name='no_note' value='1'><input type='hidden' name='currency_code' value='USD'><\/form><\/div>O en nuestra cuenta bancaria Cuenta corriente 789896727 del banco Popular Dominicano a nombre de Asociaci\u00f3n O\u00edr [&hellip;]<\/p>\n","protected":false},"author":2,"featured_media":0,"parent":0,"menu_order":0,"comment_status":"closed","ping_status":"closed","template":"","meta":{"_et_pb_use_builder":"on","_et_pb_old_content":"","_et_gb_content_width":"","footnotes":""},"class_list":["post-1343","page","type-page","status-publish","hentry"],"_links":{"self":[{"href":"https:\/\/www.oirparavivir.com\/es\/wp-json\/wp\/v2\/pages\/1343","targetHints":{"allow":["GET"]}}],"collection":[{"href":"https:\/\/www.oirparavivir.com\/es\/wp-json\/wp\/v2\/pages"}],"about":[{"href":"https:\/\/www.oirparavivir.com\/es\/wp-json\/wp\/v2\/types\/page"}],"author":[{"embeddable":true,"href":"https:\/\/www.oirparavivir.com\/es\/wp-json\/wp\/v2\/users\/2"}],"replies":[{"embeddable":true,"href":"https:\/\/www.oirparavivir.com\/es\/wp-json\/wp\/v2\/comments?post=1343"}],"version-history":[{"count":7,"href":"https:\/\/www.oirparavivir.com\/es\/wp-json\/wp\/v2\/pages\/1343\/revisions"}],"predecessor-version":[{"id":3899,"href":"https:\/\/www.oirparavivir.com\/es\/wp-json\/wp\/v2\/pages\/1343\/revisions\/3899"}],"wp:attachment":[{"href":"https:\/\/www.oirparavivir.com\/es\/wp-json\/wp\/v2\/media?parent=1343"}],"curies":[{"name":"wp","href":"https:\/\/api.w.org\/{rel}","templated":true}]}}